{"id":3,"date":"2023-11-30T09:56:34","date_gmt":"2023-11-30T08:56:34","guid":{"rendered":"http:\/\/blwifmp.cluster028.hosting.ovh.net\/?page_id=3"},"modified":"2024-04-25T16:56:33","modified_gmt":"2024-04-25T14:56:33","slug":"politique-de-confidentialite","status":"publish","type":"page","link":"https:\/\/horus07.assapan.fr\/index.php\/politique-de-confidentialite\/","title":{"rendered":"Politique de confidentialit\u00e9"},"content":{"rendered":"\n<p><\/p>\n\n\n\n<p>ASSAPAN s&rsquo;engage \u00e0 ne pas collecter d&rsquo;informations personnelles identifiables ou sensibles vous concernant<\/p>\n\n\n\n<p><\/p>\n\n\n\n<h2 class=\"wp-block-heading\">Utilisation standard<\/h2>\n\n\n\n<p><strong class=\"privacy-policy-tutorial\">En mode standard&nbsp;: <\/strong>Le logiciel Horus07 ne collecte aucune donn\u00e9e vous concernant , il n&rsquo;y a aucune connexion vers l&rsquo;ext\u00e9rieur n\u00e9cessaire hormis pour le t\u00e9l\u00e9chargement des paquets qui ce fait de mani\u00e8re anonyme.<\/p>\n\n\n\n<p><\/p>\n\n\n\n<p><\/p>\n\n\n\n<p><\/p>\n\n\n\n<h2 class=\"wp-block-heading\">Utilisation cloud<\/h2>\n\n\n\n<p><strong class=\"privacy-policy-tutorial\">En mode cloud&nbsp;:  <\/strong>.Le mode cloud fonctionne via un identifiant qui vous est fourni par le SDIS ou l&rsquo;organisme auquel vous \u00eates rattach\u00e9 , cet identifiant est rattach\u00e9 \u00e0 une fonction ( HORUS , PELICAN , TREBOR &#8230; ) et non \u00e0 une personne , aucune donn\u00e9e personnelle n&rsquo;est partag\u00e9e en tant que tel , seule les donn\u00e9es de position ( si activ\u00e9es ) , les photos prises par l&rsquo;application , les alertes sont transmises \u00e0 l&rsquo;organisme .<\/p>\n\n\n\n<p><\/p>\n\n\n\n<p><\/p>\n\n\n\n<p><\/p>\n\n\n\n<h2 class=\"wp-block-heading\">Utilisation et transmission de vos donn\u00e9es personnelles<\/h2>\n\n\n\n<p>Aucune de vos donn\u00e9es personnelles ne sont transmises<\/p>\n\n\n","protected":false},"excerpt":{"rendered":"<p>ASSAPAN s&rsquo;engage \u00e0 ne pas collecter d&rsquo;informations personnelles identifiables ou sensibles vous concernant Utilisation standard En mode standard&nbsp;: Le logiciel Horus07 ne collecte aucune donn\u00e9e vous concernant , il n&rsquo;y a aucune connexion vers l&rsquo;ext\u00e9rieur n\u00e9cessaire hormis pour le t\u00e9l\u00e9chargement des paquets qui ce fait de mani\u00e8re anonyme. Utilisation cloud En mode cloud&nbsp;: .Le mode &hellip; <\/p>\n","protected":false},"author":1,"featured_media":0,"parent":0,"menu_order":0,"comment_status":"closed","ping_status":"open","template":"","meta":{"saved_in_kubio":true,"footnotes":""},"class_list":["post-3","page","type-page","status-publish","hentry"],"kubio_ai_page_context":{"short_desc":"","purpose":"general"},"_links":{"self":[{"href":"https:\/\/horus07.assapan.fr\/index.php\/wp-json\/wp\/v2\/pages\/3","targetHints":{"allow":["GET"]}}],"collection":[{"href":"https:\/\/horus07.assapan.fr\/index.php\/wp-json\/wp\/v2\/pages"}],"about":[{"href":"https:\/\/horus07.assapan.fr\/index.php\/wp-json\/wp\/v2\/types\/page"}],"author":[{"embeddable":true,"href":"https:\/\/horus07.assapan.fr\/index.php\/wp-json\/wp\/v2\/users\/1"}],"replies":[{"embeddable":true,"href":"https:\/\/horus07.assapan.fr\/index.php\/wp-json\/wp\/v2\/comments?post=3"}],"version-history":[{"count":4,"href":"https:\/\/horus07.assapan.fr\/index.php\/wp-json\/wp\/v2\/pages\/3\/revisions"}],"predecessor-version":[{"id":382,"href":"https:\/\/horus07.assapan.fr\/index.php\/wp-json\/wp\/v2\/pages\/3\/revisions\/382"}],"wp:attachment":[{"href":"https:\/\/horus07.assapan.fr\/index.php\/wp-json\/wp\/v2\/media?parent=3"}],"curies":[{"name":"wp","href":"https:\/\/api.w.org\/{rel}","templated":true}]}}